{"id":418,"date":"2018-08-27T12:17:23","date_gmt":"2018-08-27T12:17:23","guid":{"rendered":"http:\/\/www.knjigovodstvo-makarska.com\/why-choose-me\/"},"modified":"2024-01-02T18:19:31","modified_gmt":"2024-01-02T17:19:31","slug":"poslovni-plan-samozaposljavanje","status":"publish","type":"page","link":"http:\/\/www.knjigovodstvo-makarska.com\/en\/poslovni-plan-samozaposljavanje\/","title":{"rendered":"Open company in Croatia"},"content":{"rendered":"<div data-elementor-type=\"wp-post\" data-elementor-id=\"418\" class=\"elementor elementor-418\">\n\t\t\t\t\t\t<section class=\"elementor-section elementor-top-section elementor-element elementor-element-c72c06a elementor-section-boxed elementor-section-height-default elementor-section-height-default elementor-invisible\" data-id=\"c72c06a\" data-element_type=\"section\" data-e-type=\"section\" data-settings=\"{&quot;background_background&quot;:&quot;classic&quot;,&quot;animation&quot;:&quot;fadeInUp&quot;}\">\n\t\t\t\t\t\t\t<div class=\"elementor-background-overlay\"><\/div>\n\t\t\t\t\t\t\t<div class=\"elementor-container elementor-column-gap-no\">\n\t\t\t\t\t<div class=\"elementor-column elementor-col-100 elementor-top-column elementor-element elementor-element-99d7f03\" data-id=\"99d7f03\" data-element_type=\"column\" data-e-type=\"column\">\n\t\t\t<div class=\"elementor-widget-wrap elementor-element-populated\">\n\t\t\t\t\t\t<div class=\"elementor-element elementor-element-d6c16c0 elementor-widget elementor-widget-heading\" data-id=\"d6c16c0\" data-element_type=\"widget\" data-e-type=\"widget\" data-widget_type=\"heading.default\">\n\t\t\t\t<div class=\"elementor-widget-container\">\n\t\t\t\t\t<h5 class=\"elementor-heading-title elementor-size-default\">Potpore za samozapo\u0161ljavanje 2024.<\/h5>\t\t\t\t<\/div>\n\t\t\t\t<\/div>\n\t\t\t\t<div class=\"elementor-element elementor-element-e4ee66b elementor-widget elementor-widget-heading\" data-id=\"e4ee66b\" data-element_type=\"widget\" data-e-type=\"widget\" data-widget_type=\"heading.default\">\n\t\t\t\t<div class=\"elementor-widget-container\">\n\t\t\t\t\t<h1 class=\"elementor-heading-title elementor-size-default\">Accounting on Makarska Riviera<\/h1>\t\t\t\t<\/div>\n\t\t\t\t<\/div>\n\t\t\t\t\t<\/div>\n\t\t<\/div>\n\t\t\t\t\t<\/div>\n\t\t<\/section>\n\t\t\t\t<section class=\"elementor-section elementor-top-section elementor-element elementor-element-689dd35 elementor-section-content-middle elementor-section-boxed elementor-section-height-default elementor-section-height-default\" data-id=\"689dd35\" data-element_type=\"section\" data-e-type=\"section\" data-settings=\"{&quot;background_background&quot;:&quot;gradient&quot;}\">\n\t\t\t\t\t\t<div class=\"elementor-container elementor-column-gap-no\">\n\t\t\t\t\t<div class=\"elementor-column elementor-col-100 elementor-top-column elementor-element elementor-element-e43ad80\" data-id=\"e43ad80\" data-element_type=\"column\" data-e-type=\"column\">\n\t\t\t<div class=\"elementor-widget-wrap elementor-element-populated\">\n\t\t\t\t\t\t<div class=\"elementor-element elementor-element-32e2fb6 elementor-widget elementor-widget-heading\" data-id=\"32e2fb6\" data-element_type=\"widget\" data-e-type=\"widget\" data-widget_type=\"heading.default\">\n\t\t\t\t<div class=\"elementor-widget-container\">\n\t\t\t\t\t<h2 class=\"elementor-heading-title elementor-size-default\">Iskoristite poticaj za samozapo\u0161ljavanje u 2024. godini<\/h2>\t\t\t\t<\/div>\n\t\t\t\t<\/div>\n\t\t\t\t<div class=\"elementor-element elementor-element-7d4cbbf elementor-widget elementor-widget-text-editor\" data-id=\"7d4cbbf\" data-element_type=\"widget\" data-e-type=\"widget\" data-widget_type=\"text-editor.default\">\n\t\t\t\t<div class=\"elementor-widget-container\">\n\t\t\t\t\t\t\t\t\t<p>U 2024. godini HZZ (Hrvatski zavod za zapo\u0161ljavanje) nudi do <strong>20.000,00<\/strong>\u00a0EUR za nezaposlene osobe koje \u017eele otvoriti obrt ili poduze\u0107e. Bitna stavka pri odobravanju sredstava je <strong>kvalitetan poslovni plan.<\/strong><\/p><p>Uz na\u0161u pomo\u0107 do\u0111ite do 20.000,00 EUR kn bespovratnih sredstava od strane HZZ-a. Nudimo uslugu kvalitetne izrade <strong>poslovnog plana<\/strong> za potpore samozapo\u0161ljavanja od strane HZZ-a.<\/p><p class=\"translation-block\">We can prepare a business plan in accordance with your instructions on the activity for which you are opening a company and adapt it to a conditions on Makarska Riviera or any other place in Croatia.<\/p><p>For any other Question feel free to:<\/p><p><strong>Contact us with confidence!<\/strong><\/p>\t\t\t\t\t\t\t\t<\/div>\n\t\t\t\t<\/div>\n\t\t\t\t<div class=\"elementor-element elementor-element-d11a867 elementor-shape-circle elementor-grid-0 e-grid-align-center elementor-widget elementor-widget-social-icons\" data-id=\"d11a867\" data-element_type=\"widget\" data-e-type=\"widget\" data-widget_type=\"social-icons.default\">\n\t\t\t\t<div class=\"elementor-widget-container\">\n\t\t\t\t\t\t\t<div class=\"elementor-social-icons-wrapper elementor-grid\">\n\t\t\t\t\t\t\t<span class=\"elementor-grid-item\">\n\t\t\t\t\t<a class=\"elementor-icon elementor-social-icon elementor-social-icon-facebook elementor-repeater-item-5e6ee08\" href=\"https:\/\/www.facebook.com\/poslovniplansamozaposljavanje\" target=\"_blank\">\n\t\t\t\t\t\t<span class=\"elementor-screen-only\">Facebook<\/span>\n\t\t\t\t\t\t<i aria-hidden=\"true\" class=\"fab fa-facebook\"><\/i>\t\t\t\t\t<\/a>\n\t\t\t\t<\/span>\n\t\t\t\t\t<\/div>\n\t\t\t\t\t\t<\/div>\n\t\t\t\t<\/div>\n\t\t\t\t<section class=\"elementor-section elementor-inner-section elementor-element elementor-element-bacaf98 elementor-section-boxed elementor-section-height-default elementor-section-height-default\" data-id=\"bacaf98\" data-element_type=\"section\" data-e-type=\"section\">\n\t\t\t\t\t\t<div class=\"elementor-container elementor-column-gap-no\">\n\t\t\t\t\t<div class=\"elementor-column elementor-col-33 elementor-inner-column elementor-element elementor-element-55faf92\" data-id=\"55faf92\" data-element_type=\"column\" data-e-type=\"column\">\n\t\t\t<div class=\"elementor-widget-wrap elementor-element-populated\">\n\t\t\t\t\t\t<div class=\"elementor-element elementor-element-dc66b06 elementor-view-stacked elementor-shape-circle elementor-position-block-start elementor-mobile-position-block-start elementor-widget elementor-widget-icon-box\" data-id=\"dc66b06\" data-element_type=\"widget\" data-e-type=\"widget\" data-widget_type=\"icon-box.default\">\n\t\t\t\t<div class=\"elementor-widget-container\">\n\t\t\t\t\t\t\t<div class=\"elementor-icon-box-wrapper\">\n\n\t\t\t\t\t\t<div class=\"elementor-icon-box-icon\">\n\t\t\t\t<span  class=\"elementor-icon elementor-animation-grow\">\n\t\t\t\t<i aria-hidden=\"true\" class=\"far fa-question-circle\"><\/i>\t\t\t\t<\/span>\n\t\t\t<\/div>\n\t\t\t\n\t\t\t\t\t\t<div class=\"elementor-icon-box-content\">\n\n\t\t\t\t\t\t\t\t\t<h4 class=\"elementor-icon-box-title\">\n\t\t\t\t\t\t<span  >\n\t\t\t\t\t\t\tNew company\t\t\t\t\t\t<\/span>\n\t\t\t\t\t<\/h4>\n\t\t\t\t\n\t\t\t\t\t\t\t\t\t<p class=\"elementor-icon-box-description\">\n\t\t\t\t\t\tLet us guide you througth process of starting\t\t\t\t\t<\/p>\n\t\t\t\t\n\t\t\t<\/div>\n\t\t\t\n\t\t<\/div>\n\t\t\t\t\t\t<\/div>\n\t\t\t\t<\/div>\n\t\t\t\t\t<\/div>\n\t\t<\/div>\n\t\t\t\t<div class=\"elementor-column elementor-col-33 elementor-inner-column elementor-element elementor-element-75490df\" data-id=\"75490df\" data-element_type=\"column\" data-e-type=\"column\">\n\t\t\t<div class=\"elementor-widget-wrap elementor-element-populated\">\n\t\t\t\t\t\t<div class=\"elementor-element elementor-element-ccd74ac elementor-view-stacked elementor-shape-circle elementor-position-block-start elementor-mobile-position-block-start elementor-widget elementor-widget-icon-box\" data-id=\"ccd74ac\" data-element_type=\"widget\" data-e-type=\"widget\" data-widget_type=\"icon-box.default\">\n\t\t\t\t<div class=\"elementor-widget-container\">\n\t\t\t\t\t\t\t<div class=\"elementor-icon-box-wrapper\">\n\n\t\t\t\t\t\t<div class=\"elementor-icon-box-icon\">\n\t\t\t\t<span  class=\"elementor-icon elementor-animation-grow\">\n\t\t\t\t<i aria-hidden=\"true\" class=\"far fa-clock\"><\/i>\t\t\t\t<\/span>\n\t\t\t<\/div>\n\t\t\t\n\t\t\t\t\t\t<div class=\"elementor-icon-box-content\">\n\n\t\t\t\t\t\t\t\t\t<h4 class=\"elementor-icon-box-title\">\n\t\t\t\t\t\t<span  >\n\t\t\t\t\t\t\tDuration of process\t\t\t\t\t\t<\/span>\n\t\t\t\t\t<\/h4>\n\t\t\t\t\n\t\t\t\t\t\t\t\t\t<p class=\"elementor-icon-box-description\">\n\t\t\t\t\t\t1-2 Weeks\t\t\t\t\t<\/p>\n\t\t\t\t\n\t\t\t<\/div>\n\t\t\t\n\t\t<\/div>\n\t\t\t\t\t\t<\/div>\n\t\t\t\t<\/div>\n\t\t\t\t\t<\/div>\n\t\t<\/div>\n\t\t\t\t<div class=\"elementor-column elementor-col-33 elementor-inner-column elementor-element elementor-element-f794229\" data-id=\"f794229\" data-element_type=\"column\" data-e-type=\"column\">\n\t\t\t<div class=\"elementor-widget-wrap elementor-element-populated\">\n\t\t\t\t\t\t<div class=\"elementor-element elementor-element-c617d9f elementor-view-stacked elementor-shape-circle elementor-position-block-start elementor-mobile-position-block-start elementor-widget elementor-widget-icon-box\" data-id=\"c617d9f\" data-element_type=\"widget\" data-e-type=\"widget\" data-widget_type=\"icon-box.default\">\n\t\t\t\t<div class=\"elementor-widget-container\">\n\t\t\t\t\t\t\t<div class=\"elementor-icon-box-wrapper\">\n\n\t\t\t\t\t\t<div class=\"elementor-icon-box-icon\">\n\t\t\t\t<span  class=\"elementor-icon elementor-animation-grow\">\n\t\t\t\t<i aria-hidden=\"true\" class=\"fas fa-dollar-sign\"><\/i>\t\t\t\t<\/span>\n\t\t\t<\/div>\n\t\t\t\n\t\t\t\t\t\t<div class=\"elementor-icon-box-content\">\n\n\t\t\t\t\t\t\t\t\t<h4 class=\"elementor-icon-box-title\">\n\t\t\t\t\t\t<span  >\n\t\t\t\t\t\t\tCost\t\t\t\t\t\t<\/span>\n\t\t\t\t\t<\/h4>\n\t\t\t\t\n\t\t\t\t\t\t\t\t\t<p class=\"elementor-icon-box-description\">\n\t\t\t\t\t\tDo 20.000,00 EUR\t\t\t\t\t<\/p>\n\t\t\t\t\n\t\t\t<\/div>\n\t\t\t\n\t\t<\/div>\n\t\t\t\t\t\t<\/div>\n\t\t\t\t<\/div>\n\t\t\t\t\t<\/div>\n\t\t<\/div>\n\t\t\t\t\t<\/div>\n\t\t<\/section>\n\t\t\t\t\t<\/div>\n\t\t<\/div>\n\t\t\t\t\t<\/div>\n\t\t<\/section>\n\t\t\t\t<section class=\"elementor-section elementor-top-section elementor-element elementor-element-cb2509f elementor-section-content-middle elementor-section-boxed elementor-section-height-default elementor-section-height-default\" data-id=\"cb2509f\" data-element_type=\"section\" data-e-type=\"section\" data-settings=\"{&quot;background_background&quot;:&quot;classic&quot;}\">\n\t\t\t\t\t\t\t<div class=\"elementor-background-overlay\"><\/div>\n\t\t\t\t\t\t\t<div class=\"elementor-container elementor-column-gap-no\">\n\t\t\t\t\t<div class=\"elementor-column elementor-col-50 elementor-top-column elementor-element elementor-element-4c1260b\" data-id=\"4c1260b\" data-element_type=\"column\" data-e-type=\"column\">\n\t\t\t<div class=\"elementor-widget-wrap elementor-element-populated\">\n\t\t\t\t\t\t<div class=\"elementor-element elementor-element-67f1efc elementor-widget elementor-widget-heading\" data-id=\"67f1efc\" data-element_type=\"widget\" data-e-type=\"widget\" data-widget_type=\"heading.default\">\n\t\t\t\t<div class=\"elementor-widget-container\">\n\t\t\t\t\t<h2 class=\"elementor-heading-title elementor-size-default\">Need help or advice?<\/h2>\t\t\t\t<\/div>\n\t\t\t\t<\/div>\n\t\t\t\t\t<\/div>\n\t\t<\/div>\n\t\t\t\t<div class=\"elementor-column elementor-col-50 elementor-top-column elementor-element elementor-element-c9616d1\" data-id=\"c9616d1\" data-element_type=\"column\" data-e-type=\"column\">\n\t\t\t<div class=\"elementor-widget-wrap elementor-element-populated\">\n\t\t\t\t\t\t<div class=\"elementor-element elementor-element-a306e69 elementor-align-right elementor-mobile-align-center elementor-widget elementor-widget-button\" data-id=\"a306e69\" data-element_type=\"widget\" data-e-type=\"widget\" data-widget_type=\"button.default\">\n\t\t\t\t<div class=\"elementor-widget-container\">\n\t\t\t\t\t\t\t\t\t<div class=\"elementor-button-wrapper\">\n\t\t\t\t\t<a class=\"elementor-button elementor-button-link elementor-size-md\" href=\"http:\/\/www.knjigovodstvo-makarska.com\/en\/kontakt\/\">\n\t\t\t\t\t\t<span class=\"elementor-button-content-wrapper\">\n\t\t\t\t\t\t\t\t\t<span class=\"elementor-button-text\">Contact us<\/span>\n\t\t\t\t\t<\/span>\n\t\t\t\t\t<\/a>\n\t\t\t\t<\/div>\n\t\t\t\t\t\t\t\t<\/div>\n\t\t\t\t<\/div>\n\t\t\t\t\t<\/div>\n\t\t<\/div>\n\t\t\t\t\t<\/div>\n\t\t<\/section>\n\t\t\t\t<\/div>","protected":false},"excerpt":{"rendered":"<p>Potpore za samozapo\u0161ljavanje 2024. Izrada poslovnog plana Iskoristite poticaj za samozapo\u0161ljavanje u 2024. godini U 2024. godini HZZ (Hrvatski zavod za zapo\u0161ljavanje) nudi do 20.000,00\u00a0EUR za nezaposlene osobe koje \u017eele otvoriti obrt ili poduze\u0107e. Bitna stavka pri odobravanju sredstava je kvalitetan poslovni plan. Uz na\u0161u pomo\u0107 do\u0111ite do 20.000,00 EUR kn bespovratnih sredstava od strane [&hellip;]<\/p>\n","protected":false},"author":1,"featured_media":0,"parent":0,"menu_order":0,"comment_status":"closed","ping_status":"closed","template":"","meta":{"site-sidebar-layout":"default","site-content-layout":"page-builder","ast-site-content-layout":"","site-content-style":"default","site-sidebar-style":"default","ast-global-header-display":"","ast-banner-title-visibility":"","ast-main-header-display":"","ast-hfb-above-header-display":"","ast-hfb-below-header-display":"","ast-hfb-mobile-header-display":"","site-post-title":"disabled","ast-breadcrumbs-content":"","ast-featured-img":"disabled","footer-sml-layout":"","theme-transparent-header-meta":"enabled","adv-header-id-meta":"","stick-header-meta":"","header-above-stick-meta":"","header-main-stick-meta":"","header-below-stick-meta":"","astra-migrate-meta-layouts":"default","ast-page-background-enabled":"default","ast-page-background-meta":{"desktop":{"background-color":"","background-image":"","background-repeat":"repeat","background-position":"center center","background-size":"auto","background-attachment":"scroll","background-type":"","background-media":"","overlay-type":"","overlay-color":"","overlay-gradient":""},"tablet":{"background-color":"","background-image":"","background-repeat":"repeat","background-position":"center center","background-size":"auto","background-attachment":"scroll","background-type":"","background-media":"","overlay-type":"","overlay-color":"","overlay-gradient":""},"mobile":{"background-color":"","background-image":"","background-repeat":"repeat","background-position":"center center","background-size":"auto","background-attachment":"scroll","background-type":"","background-media":"","overlay-type":"","overlay-color":"","overlay-gradient":""}},"ast-content-background-meta":{"desktop":{"background-color":"var(--ast-global-color-5)","background-image":"","background-repeat":"repeat","background-position":"center center","background-size":"auto","background-attachment":"scroll","background-type":"","background-media":"","overlay-type":"","overlay-color":"","overlay-gradient":""},"tablet":{"background-color":"var(--ast-global-color-5)","background-image":"","background-repeat":"repeat","background-position":"center center","background-size":"auto","background-attachment":"scroll","background-type":"","background-media":"","overlay-type":"","overlay-color":"","overlay-gradient":""},"mobile":{"background-color":"var(--ast-global-color-5)","background-image":"","background-repeat":"repeat","background-position":"center center","background-size":"auto","background-attachment":"scroll","background-type":"","background-media":"","overlay-type":"","overlay-color":"","overlay-gradient":""}},"two_page_speed":[],"footnotes":""},"class_list":["post-418","page","type-page","status-publish","hentry"],"yoast_head":"<!-- This site is optimized with the Yoast SEO plugin v27.5 - https:\/\/yoast.com\/product\/yoast-seo-wordpress\/ -->\n<title>Poslovni plan samozapo\u0161ljavanje - E-libro<\/title>\n<meta name=\"robots\" content=\"index, follow, max-snippet:-1, max-image-preview:large, max-video-preview:-1\" \/>\n<link rel=\"canonical\" href=\"https:\/\/www.knjigovodstvo-makarska.com\/en\/poslovni-plan-samozaposljavanje\/\" \/>\n<meta property=\"og:locale\" content=\"en_GB\" \/>\n<meta property=\"og:type\" content=\"article\" \/>\n<meta property=\"og:title\" content=\"Poslovni plan samozapo\u0161ljavanje - E-libro\" \/>\n<meta property=\"og:description\" content=\"Potpore za samozapo\u0161ljavanje 2024. Izrada poslovnog plana Iskoristite poticaj za samozapo\u0161ljavanje u 2024. godini U 2024. godini HZZ (Hrvatski zavod za zapo\u0161ljavanje) nudi do 20.000,00\u00a0EUR za nezaposlene osobe koje \u017eele otvoriti obrt ili poduze\u0107e. Bitna stavka pri odobravanju sredstava je kvalitetan poslovni plan. Uz na\u0161u pomo\u0107 do\u0111ite do 20.000,00 EUR kn bespovratnih sredstava od strane [&hellip;]\" \/>\n<meta property=\"og:url\" content=\"https:\/\/www.knjigovodstvo-makarska.com\/en\/poslovni-plan-samozaposljavanje\/\" \/>\n<meta property=\"og:site_name\" content=\"E-libro\" \/>\n<meta property=\"article:publisher\" content=\"https:\/\/www.facebook.com\/knjigovodstvo.makarska\" \/>\n<meta property=\"article:modified_time\" content=\"2024-01-02T17:19:31+00:00\" \/>\n<meta name=\"twitter:label1\" content=\"Estimated reading time\" \/>\n\t<meta name=\"twitter:data1\" content=\"1 minute\" \/>\n<script type=\"application\/ld+json\" class=\"yoast-schema-graph\">{\"@context\":\"https:\\\/\\\/schema.org\",\"@graph\":[{\"@type\":\"WebPage\",\"@id\":\"https:\\\/\\\/www.knjigovodstvo-makarska.com\\\/poslovni-plan-samozaposljavanje\\\/\",\"url\":\"https:\\\/\\\/www.knjigovodstvo-makarska.com\\\/poslovni-plan-samozaposljavanje\\\/\",\"name\":\"Poslovni plan samozapo\u0161ljavanje - E-libro\",\"isPartOf\":{\"@id\":\"http:\\\/\\\/www.knjigovodstvo-makarska.com\\\/en\\\/#website\"},\"datePublished\":\"2018-08-27T12:17:23+00:00\",\"dateModified\":\"2024-01-02T17:19:31+00:00\",\"breadcrumb\":{\"@id\":\"https:\\\/\\\/www.knjigovodstvo-makarska.com\\\/poslovni-plan-samozaposljavanje\\\/#breadcrumb\"},\"inLanguage\":\"en-GB\",\"potentialAction\":[{\"@type\":\"ReadAction\",\"target\":[\"https:\\\/\\\/www.knjigovodstvo-makarska.com\\\/poslovni-plan-samozaposljavanje\\\/\"]}]},{\"@type\":\"BreadcrumbList\",\"@id\":\"https:\\\/\\\/www.knjigovodstvo-makarska.com\\\/poslovni-plan-samozaposljavanje\\\/#breadcrumb\",\"itemListElement\":[{\"@type\":\"ListItem\",\"position\":1,\"name\":\"Po\u010detna stranica\",\"item\":\"https:\\\/\\\/www.knjigovodstvo-makarska.com\\\/\"},{\"@type\":\"ListItem\",\"position\":2,\"name\":\"Poslovni plan samozapo\u0161ljavanje\"}]},{\"@type\":\"WebSite\",\"@id\":\"http:\\\/\\\/www.knjigovodstvo-makarska.com\\\/en\\\/#website\",\"url\":\"http:\\\/\\\/www.knjigovodstvo-makarska.com\\\/en\\\/\",\"name\":\"E-Libro knjigovodstveni servis Makarska\",\"description\":\"Knjigovodstveni servis\",\"publisher\":{\"@id\":\"http:\\\/\\\/www.knjigovodstvo-makarska.com\\\/en\\\/#organization\"},\"potentialAction\":[{\"@type\":\"SearchAction\",\"target\":{\"@type\":\"EntryPoint\",\"urlTemplate\":\"http:\\\/\\\/www.knjigovodstvo-makarska.com\\\/en\\\/?s={search_term_string}\"},\"query-input\":{\"@type\":\"PropertyValueSpecification\",\"valueRequired\":true,\"valueName\":\"search_term_string\"}}],\"inLanguage\":\"en-GB\"},{\"@type\":\"Organization\",\"@id\":\"http:\\\/\\\/www.knjigovodstvo-makarska.com\\\/en\\\/#organization\",\"name\":\"E-Libro\",\"url\":\"http:\\\/\\\/www.knjigovodstvo-makarska.com\\\/en\\\/\",\"logo\":{\"@type\":\"ImageObject\",\"inLanguage\":\"en-GB\",\"@id\":\"http:\\\/\\\/www.knjigovodstvo-makarska.com\\\/en\\\/#\\\/schema\\\/logo\\\/image\\\/\",\"url\":\"https:\\\/\\\/www.knjigovodstvo-makarska.com\\\/wp-content\\\/uploads\\\/2021\\\/03\\\/E-libro-knjigovodstvo.png\",\"contentUrl\":\"https:\\\/\\\/www.knjigovodstvo-makarska.com\\\/wp-content\\\/uploads\\\/2021\\\/03\\\/E-libro-knjigovodstvo.png\",\"width\":300,\"height\":94,\"caption\":\"E-Libro\"},\"image\":{\"@id\":\"http:\\\/\\\/www.knjigovodstvo-makarska.com\\\/en\\\/#\\\/schema\\\/logo\\\/image\\\/\"},\"sameAs\":[\"https:\\\/\\\/www.facebook.com\\\/knjigovodstvo.makarska\"]}]}<\/script>\n<!-- \/ Yoast SEO plugin. -->","yoast_head_json":{"title":"Poslovni plan samozapo\u0161ljavanje - E-libro","robots":{"index":"index","follow":"follow","max-snippet":"max-snippet:-1","max-image-preview":"max-image-preview:large","max-video-preview":"max-video-preview:-1"},"canonical":"https:\/\/www.knjigovodstvo-makarska.com\/en\/poslovni-plan-samozaposljavanje\/","og_locale":"en_GB","og_type":"article","og_title":"Poslovni plan samozapo\u0161ljavanje - E-libro","og_description":"Potpore za samozapo\u0161ljavanje 2024. Izrada poslovnog plana Iskoristite poticaj za samozapo\u0161ljavanje u 2024. godini U 2024. godini HZZ (Hrvatski zavod za zapo\u0161ljavanje) nudi do 20.000,00\u00a0EUR za nezaposlene osobe koje \u017eele otvoriti obrt ili poduze\u0107e. Bitna stavka pri odobravanju sredstava je kvalitetan poslovni plan. Uz na\u0161u pomo\u0107 do\u0111ite do 20.000,00 EUR kn bespovratnih sredstava od strane [&hellip;]","og_url":"https:\/\/www.knjigovodstvo-makarska.com\/en\/poslovni-plan-samozaposljavanje\/","og_site_name":"E-libro","article_publisher":"https:\/\/www.facebook.com\/knjigovodstvo.makarska","article_modified_time":"2024-01-02T17:19:31+00:00","twitter_misc":{"Estimated reading time":"1 minute"},"schema":{"@context":"https:\/\/schema.org","@graph":[{"@type":"WebPage","@id":"https:\/\/www.knjigovodstvo-makarska.com\/poslovni-plan-samozaposljavanje\/","url":"https:\/\/www.knjigovodstvo-makarska.com\/poslovni-plan-samozaposljavanje\/","name":"Poslovni plan samozapo\u0161ljavanje - E-libro","isPartOf":{"@id":"http:\/\/www.knjigovodstvo-makarska.com\/en\/#website"},"datePublished":"2018-08-27T12:17:23+00:00","dateModified":"2024-01-02T17:19:31+00:00","breadcrumb":{"@id":"https:\/\/www.knjigovodstvo-makarska.com\/poslovni-plan-samozaposljavanje\/#breadcrumb"},"inLanguage":"en-GB","potentialAction":[{"@type":"ReadAction","target":["https:\/\/www.knjigovodstvo-makarska.com\/poslovni-plan-samozaposljavanje\/"]}]},{"@type":"BreadcrumbList","@id":"https:\/\/www.knjigovodstvo-makarska.com\/poslovni-plan-samozaposljavanje\/#breadcrumb","itemListElement":[{"@type":"ListItem","position":1,"name":"Po\u010detna stranica","item":"https:\/\/www.knjigovodstvo-makarska.com\/"},{"@type":"ListItem","position":2,"name":"Poslovni plan samozapo\u0161ljavanje"}]},{"@type":"WebSite","@id":"http:\/\/www.knjigovodstvo-makarska.com\/en\/#website","url":"http:\/\/www.knjigovodstvo-makarska.com\/en\/","name":"E-Libro knjigovodstveni servis Makarska","description":"Bookkeeping and accounting service","publisher":{"@id":"http:\/\/www.knjigovodstvo-makarska.com\/en\/#organization"},"potentialAction":[{"@type":"SearchAction","target":{"@type":"EntryPoint","urlTemplate":"http:\/\/www.knjigovodstvo-makarska.com\/en\/?s={search_term_string}"},"query-input":{"@type":"PropertyValueSpecification","valueRequired":true,"valueName":"search_term_string"}}],"inLanguage":"en-GB"},{"@type":"Organization","@id":"http:\/\/www.knjigovodstvo-makarska.com\/en\/#organization","name":"E-Libro","url":"http:\/\/www.knjigovodstvo-makarska.com\/en\/","logo":{"@type":"ImageObject","inLanguage":"en-GB","@id":"http:\/\/www.knjigovodstvo-makarska.com\/en\/#\/schema\/logo\/image\/","url":"https:\/\/www.knjigovodstvo-makarska.com\/wp-content\/uploads\/2021\/03\/E-libro-knjigovodstvo.png","contentUrl":"https:\/\/www.knjigovodstvo-makarska.com\/wp-content\/uploads\/2021\/03\/E-libro-knjigovodstvo.png","width":300,"height":94,"caption":"E-Libro"},"image":{"@id":"http:\/\/www.knjigovodstvo-makarska.com\/en\/#\/schema\/logo\/image\/"},"sameAs":["https:\/\/www.facebook.com\/knjigovodstvo.makarska"]}]}},"rttpg_featured_image_url":null,"rttpg_author":{"display_name":"dt125x","author_link":"http:\/\/www.knjigovodstvo-makarska.com\/en\/author\/dt125x\/"},"rttpg_comment":0,"rttpg_category":null,"rttpg_excerpt":"Potpore za samozapo\u0161ljavanje 2024. Izrada poslovnog plana Iskoristite poticaj za samozapo\u0161ljavanje u 2024. godini U 2024. godini HZZ (Hrvatski zavod za zapo\u0161ljavanje) nudi do 20.000,00\u00a0EUR za nezaposlene osobe koje \u017eele otvoriti obrt ili poduze\u0107e. Bitna stavka pri odobravanju sredstava je kvalitetan poslovni plan. Uz na\u0161u pomo\u0107 do\u0111ite do 20.000,00 EUR kn bespovratnih sredstava od strane&hellip;","_links":{"self":[{"href":"http:\/\/www.knjigovodstvo-makarska.com\/en\/wp-json\/wp\/v2\/pages\/418","targetHints":{"allow":["GET"]}}],"collection":[{"href":"http:\/\/www.knjigovodstvo-makarska.com\/en\/wp-json\/wp\/v2\/pages"}],"about":[{"href":"http:\/\/www.knjigovodstvo-makarska.com\/en\/wp-json\/wp\/v2\/types\/page"}],"author":[{"embeddable":true,"href":"http:\/\/www.knjigovodstvo-makarska.com\/en\/wp-json\/wp\/v2\/users\/1"}],"replies":[{"embeddable":true,"href":"http:\/\/www.knjigovodstvo-makarska.com\/en\/wp-json\/wp\/v2\/comments?post=418"}],"version-history":[{"count":40,"href":"http:\/\/www.knjigovodstvo-makarska.com\/en\/wp-json\/wp\/v2\/pages\/418\/revisions"}],"predecessor-version":[{"id":1013,"href":"http:\/\/www.knjigovodstvo-makarska.com\/en\/wp-json\/wp\/v2\/pages\/418\/revisions\/1013"}],"wp:attachment":[{"href":"http:\/\/www.knjigovodstvo-makarska.com\/en\/wp-json\/wp\/v2\/media?parent=418"}],"curies":[{"name":"wp","href":"https:\/\/api.w.org\/{rel}","templated":true}]}}