{"id":984,"date":"2023-01-08T21:58:20","date_gmt":"2023-01-08T20:58:20","guid":{"rendered":"https:\/\/www.knjigovodstvo-makarska.com\/?page_id=984"},"modified":"2023-01-08T22:31:33","modified_gmt":"2023-01-08T21:31:33","slug":"predaja-pdv-obrazaca","status":"publish","type":"page","link":"http:\/\/www.knjigovodstvo-makarska.com\/en\/predaja-pdv-obrazaca\/","title":{"rendered":"Predaja PDV obrazaca"},"content":{"rendered":"<div data-elementor-type=\"wp-page\" data-elementor-id=\"984\" class=\"elementor elementor-984\">\n\t\t\t\t\t\t<section class=\"elementor-section elementor-top-section elementor-element elementor-element-ltsi52o elementor-section-boxed elementor-section-height-default elementor-section-height-default elementor-invisible\" data-id=\"ltsi52o\" data-element_type=\"section\" data-e-type=\"section\" data-settings=\"{&quot;background_background&quot;:&quot;classic&quot;,&quot;animation&quot;:&quot;fadeInUp&quot;}\">\n\t\t\t\t\t\t\t<div class=\"elementor-background-overlay\"><\/div>\n\t\t\t\t\t\t\t<div class=\"elementor-container elementor-column-gap-no\">\n\t\t\t\t\t<div class=\"elementor-column elementor-col-100 elementor-top-column elementor-element elementor-element-50d1d5b\" data-id=\"50d1d5b\" data-element_type=\"column\" data-e-type=\"column\">\n\t\t\t<div class=\"elementor-widget-wrap elementor-element-populated\">\n\t\t\t\t\t\t<div class=\"elementor-element elementor-element-8c0d8b6 elementor-widget elementor-widget-heading\" data-id=\"8c0d8b6\" data-element_type=\"widget\" data-e-type=\"widget\" data-widget_type=\"heading.default\">\n\t\t\t\t<div class=\"elementor-widget-container\">\n\t\t\t\t\t<h1 class=\"elementor-heading-title elementor-size-default\">Predaja PDV obrazaca<\/h1>\t\t\t\t<\/div>\n\t\t\t\t<\/div>\n\t\t\t\t\t<\/div>\n\t\t<\/div>\n\t\t\t\t\t<\/div>\n\t\t<\/section>\n\t\t\t\t<section class=\"elementor-section elementor-top-section elementor-element elementor-element-mqfo90k elementor-section-content-middle elementor-section-boxed elementor-section-height-default elementor-section-height-default\" data-id=\"mqfo90k\" data-element_type=\"section\" data-e-type=\"section\" data-settings=\"{&quot;background_background&quot;:&quot;gradient&quot;}\">\n\t\t\t\t\t\t<div class=\"elementor-container elementor-column-gap-no\">\n\t\t\t\t\t<div class=\"elementor-column elementor-col-50 elementor-top-column elementor-element elementor-element-ac3706f\" data-id=\"ac3706f\" data-element_type=\"column\" data-e-type=\"column\" data-settings=\"{&quot;background_background&quot;:&quot;classic&quot;}\">\n\t\t\t<div class=\"elementor-widget-wrap elementor-element-populated\">\n\t\t\t\t\t<div class=\"elementor-background-overlay\"><\/div>\n\t\t\t\t\t\t<div class=\"elementor-element elementor-element-df1dcb5 elementor-widget elementor-widget-image\" data-id=\"df1dcb5\" data-element_type=\"widget\" data-e-type=\"widget\" data-widget_type=\"image.default\">\n\t\t\t\t<div class=\"elementor-widget-container\">\n\t\t\t\t\t\t\t\t\t\t\t\t\t\t\t<img fetchpriority=\"high\" decoding=\"async\" width=\"640\" height=\"426\" src=\"https:\/\/www.knjigovodstvo-makarska.com\/wp-content\/uploads\/2023\/01\/crop-woman-using-calculator-and-taking-notes-on-paper.jpg\" class=\"attachment-full size-full wp-image-988\" alt=\"\" srcset=\"https:\/\/www.knjigovodstvo-makarska.com\/wp-content\/uploads\/2023\/01\/crop-woman-using-calculator-and-taking-notes-on-paper.jpg 640w, https:\/\/www.knjigovodstvo-makarska.com\/wp-content\/uploads\/2023\/01\/crop-woman-using-calculator-and-taking-notes-on-paper-300x200.jpg 300w, https:\/\/www.knjigovodstvo-makarska.com\/wp-content\/uploads\/2023\/01\/crop-woman-using-calculator-and-taking-notes-on-paper-18x12.jpg 18w\" sizes=\"(max-width: 640px) 100vw, 640px\" \/>\t\t\t\t\t\t\t\t\t\t\t\t\t\t\t<\/div>\n\t\t\t\t<\/div>\n\t\t\t\t\t<\/div>\n\t\t<\/div>\n\t\t\t\t<div class=\"elementor-column elementor-col-50 elementor-top-column elementor-element elementor-element-9ea8eee\" data-id=\"9ea8eee\" data-element_type=\"column\" data-e-type=\"column\">\n\t\t\t<div class=\"elementor-widget-wrap elementor-element-populated\">\n\t\t\t\t\t\t<div class=\"elementor-element elementor-element-eaf6088 elementor-widget elementor-widget-heading\" data-id=\"eaf6088\" data-element_type=\"widget\" data-e-type=\"widget\" data-widget_type=\"heading.default\">\n\t\t\t\t<div class=\"elementor-widget-container\">\n\t\t\t\t\t<h5 class=\"elementor-heading-title elementor-size-default\">Nerezidenti<\/h5>\t\t\t\t<\/div>\n\t\t\t\t<\/div>\n\t\t\t\t<div class=\"elementor-element elementor-element-73e5595 elementor-widget elementor-widget-text-editor\" data-id=\"73e5595\" data-element_type=\"widget\" data-e-type=\"widget\" data-widget_type=\"text-editor.default\">\n\t\t\t\t<div class=\"elementor-widget-container\">\n\t\t\t\t\t\t\t\t\t<p class=\"poreznaupravastyleElement-Normal\">Nerezidenti mogu biti porezni obveznici u Republici Hrvatskoj po osnovi oporezivih primitaka \u0161to ih ostvaruju obavljaju\u0107i djelatnosti, ili po osnovi imovine i imovinskih prava za koju su obvezni pla\u0107ati poreze.\u00a0<\/p><p>\u00a0<\/p><p>\u2022 obra\u010dun PDV-a za inozemne porezne obveznike (autoprijevoznici, gra\u0111evinari)<br \/>\u2022 pru\u017eanje pomo\u0107i oko registracije nerezidenata kao obveznika PDV-a<\/p>\t\t\t\t\t\t\t\t<\/div>\n\t\t\t\t<\/div>\n\t\t\t\t\t<\/div>\n\t\t<\/div>\n\t\t\t\t\t<\/div>\n\t\t<\/section>\n\t\t\t\t<section class=\"elementor-section elementor-top-section elementor-element elementor-element-tzn1j07 elementor-section-content-middle elementor-section-boxed elementor-section-height-default elementor-section-height-default\" data-id=\"tzn1j07\" data-element_type=\"section\" data-e-type=\"section\">\n\t\t\t\t\t\t<div class=\"elementor-container elementor-column-gap-no\">\n\t\t\t\t\t<div class=\"elementor-column elementor-col-50 elementor-top-column elementor-element elementor-element-63fa1a4\" data-id=\"63fa1a4\" data-element_type=\"column\" data-e-type=\"column\">\n\t\t\t<div class=\"elementor-widget-wrap elementor-element-populated\">\n\t\t\t\t\t\t<div class=\"elementor-element elementor-element-daa61d5 elementor-widget elementor-widget-heading\" data-id=\"daa61d5\" data-element_type=\"widget\" data-e-type=\"widget\" data-widget_type=\"heading.default\">\n\t\t\t\t<div class=\"elementor-widget-container\">\n\t\t\t\t\t<h3 class=\"elementor-heading-title elementor-size-default\">PDV Booking<\/h3>\t\t\t\t<\/div>\n\t\t\t\t<\/div>\n\t\t\t\t<div class=\"elementor-element elementor-element-66c8d5f elementor-widget elementor-widget-text-editor\" data-id=\"66c8d5f\" data-element_type=\"widget\" data-e-type=\"widget\" data-widget_type=\"text-editor.default\">\n\t\t\t\t<div class=\"elementor-widget-container\">\n\t\t\t\t\t\t\t\t\t<p>Nudimo punu uslugu vezanu uz predavanje Booking.com <strong>PDV obrazaca <\/strong>\u00a0uz povoljne cijene. Kako ovaj postupak nije jednostavan, a neizvr\u0161enje podlije\u017ee zakonskim sankcijama predla\u017eemo da nam se obratite kako bismo tu uslugu obavili za Vas uz minimalnu naknadu.<\/p><p>Ukoliko trenutno ne poslujete, pribilje\u017eite se za na\u0161e usluge ve\u0107 za sljede\u0107u sezonu.<\/p><p style=\"margin: 0cm 0cm 6pt; line-height: 115%; background-image: initial; background-position: initial; background-size: initial; background-repeat: initial; background-attachment: initial; background-origin: initial; background-clip: initial;\">\u00a0<\/p>\t\t\t\t\t\t\t\t<\/div>\n\t\t\t\t<\/div>\n\t\t\t\t\t<\/div>\n\t\t<\/div>\n\t\t\t\t<div class=\"elementor-column elementor-col-50 elementor-top-column elementor-element elementor-element-7045273\" data-id=\"7045273\" data-element_type=\"column\" data-e-type=\"column\" data-settings=\"{&quot;background_background&quot;:&quot;classic&quot;}\">\n\t\t\t<div class=\"elementor-widget-wrap elementor-element-populated\">\n\t\t\t\t\t<div class=\"elementor-background-overlay\"><\/div>\n\t\t\t\t\t\t<div class=\"elementor-element elementor-element-8d5132b elementor-widget elementor-widget-image\" data-id=\"8d5132b\" data-element_type=\"widget\" data-e-type=\"widget\" data-widget_type=\"image.default\">\n\t\t\t\t<div class=\"elementor-widget-container\">\n\t\t\t\t\t\t\t\t\t\t\t\t\t\t\t<img decoding=\"async\" width=\"640\" height=\"426\" src=\"https:\/\/www.knjigovodstvo-makarska.com\/wp-content\/uploads\/2023\/01\/heap-of-american-money-cash-and-vintage-light-box.jpg\" class=\"attachment-full size-full wp-image-989\" alt=\"\" srcset=\"https:\/\/www.knjigovodstvo-makarska.com\/wp-content\/uploads\/2023\/01\/heap-of-american-money-cash-and-vintage-light-box.jpg 640w, https:\/\/www.knjigovodstvo-makarska.com\/wp-content\/uploads\/2023\/01\/heap-of-american-money-cash-and-vintage-light-box-300x200.jpg 300w, https:\/\/www.knjigovodstvo-makarska.com\/wp-content\/uploads\/2023\/01\/heap-of-american-money-cash-and-vintage-light-box-18x12.jpg 18w\" sizes=\"(max-width: 640px) 100vw, 640px\" \/>\t\t\t\t\t\t\t\t\t\t\t\t\t\t\t<\/div>\n\t\t\t\t<\/div>\n\t\t\t\t\t<\/div>\n\t\t<\/div>\n\t\t\t\t\t<\/div>\n\t\t<\/section>\n\t\t\t\t<section class=\"elementor-section elementor-top-section elementor-element elementor-element-8d2858e elementor-section-content-middle elementor-section-boxed elementor-section-height-default elementor-section-height-default\" data-id=\"8d2858e\" data-element_type=\"section\" data-e-type=\"section\" data-settings=\"{&quot;background_background&quot;:&quot;classic&quot;}\">\n\t\t\t\t\t\t\t<div class=\"elementor-background-overlay\"><\/div>\n\t\t\t\t\t\t\t<div class=\"elementor-container elementor-column-gap-no\">\n\t\t\t\t\t<div class=\"elementor-column elementor-col-50 elementor-top-column elementor-element elementor-element-5db2df7\" data-id=\"5db2df7\" data-element_type=\"column\" data-e-type=\"column\">\n\t\t\t<div class=\"elementor-widget-wrap elementor-element-populated\">\n\t\t\t\t\t\t<div class=\"elementor-element elementor-element-103654c elementor-widget elementor-widget-heading\" data-id=\"103654c\" data-element_type=\"widget\" data-e-type=\"widget\" data-widget_type=\"heading.default\">\n\t\t\t\t<div class=\"elementor-widget-container\">\n\t\t\t\t\t<h2 class=\"elementor-heading-title elementor-size-default\">Need help or advice?<\/h2>\t\t\t\t<\/div>\n\t\t\t\t<\/div>\n\t\t\t\t\t<\/div>\n\t\t<\/div>\n\t\t\t\t<div class=\"elementor-column elementor-col-50 elementor-top-column elementor-element elementor-element-c584707\" data-id=\"c584707\" data-element_type=\"column\" data-e-type=\"column\">\n\t\t\t<div class=\"elementor-widget-wrap elementor-element-populated\">\n\t\t\t\t\t\t<div class=\"elementor-element elementor-element-da0a19e elementor-align-right elementor-mobile-align-center elementor-widget elementor-widget-button\" data-id=\"da0a19e\" data-element_type=\"widget\" data-e-type=\"widget\" data-widget_type=\"button.default\">\n\t\t\t\t<div class=\"elementor-widget-container\">\n\t\t\t\t\t\t\t\t\t<div class=\"elementor-button-wrapper\">\n\t\t\t\t\t<a class=\"elementor-button elementor-button-link elementor-size-md\" href=\"http:\/\/www.knjigovodstvo-makarska.com\/en\/kontakt\/\">\n\t\t\t\t\t\t<span class=\"elementor-button-content-wrapper\">\n\t\t\t\t\t\t\t\t\t<span class=\"elementor-button-text\">Contact us<\/span>\n\t\t\t\t\t<\/span>\n\t\t\t\t\t<\/a>\n\t\t\t\t<\/div>\n\t\t\t\t\t\t\t\t<\/div>\n\t\t\t\t<\/div>\n\t\t\t\t\t<\/div>\n\t\t<\/div>\n\t\t\t\t\t<\/div>\n\t\t<\/section>\n\t\t\t\t<\/div>","protected":false},"excerpt":{"rendered":"<p>Predaja PDV obrazaca Nerezidenti Nerezidenti mogu biti porezni obveznici u Republici Hrvatskoj po osnovi oporezivih primitaka \u0161to ih ostvaruju obavljaju\u0107i djelatnosti, ili po osnovi imovine i imovinskih prava za koju su obvezni pla\u0107ati poreze.\u00a0 \u00a0 \u2022 obra\u010dun PDV-a za inozemne porezne obveznike (autoprijevoznici, gra\u0111evinari)\u2022 pru\u017eanje pomo\u0107i oko registracije nerezidenata kao obveznika PDV-a PDV Booking Nudimo [&hellip;]<\/p>\n","protected":false},"author":1,"featured_media":0,"parent":0,"menu_order":0,"comment_status":"closed","ping_status":"closed","template":"","meta":{"site-sidebar-layout":"no-sidebar","site-content-layout":"page-builder","ast-site-content-layout":"","site-content-style":"default","site-sidebar-style":"default","ast-global-header-display":"","ast-banner-title-visibility":"","ast-main-header-display":"","ast-hfb-above-header-display":"","ast-hfb-below-header-display":"","ast-hfb-mobile-header-display":"","site-post-title":"disabled","ast-breadcrumbs-content":"","ast-featured-img":"disabled","footer-sml-layout":"","theme-transparent-header-meta":"","adv-header-id-meta":"","stick-header-meta":"","header-above-stick-meta":"","header-main-stick-meta":"","header-below-stick-meta":"","astra-migrate-meta-layouts":"default","ast-page-background-enabled":"default","ast-page-background-meta":{"desktop":{"background-color":"","background-image":"","background-repeat":"repeat","background-position":"center center","background-size":"auto","background-attachment":"scroll","background-type":"","background-media":"","overlay-type":"","overlay-color":"","overlay-gradient":""},"tablet":{"background-color":"","background-image":"","background-repeat":"repeat","background-position":"center center","background-size":"auto","background-attachment":"scroll","background-type":"","background-media":"","overlay-type":"","overlay-color":"","overlay-gradient":""},"mobile":{"background-color":"","background-image":"","background-repeat":"repeat","background-position":"center center","background-size":"auto","background-attachment":"scroll","background-type":"","background-media":"","overlay-type":"","overlay-color":"","overlay-gradient":""}},"ast-content-background-meta":{"desktop":{"background-color":"var(--ast-global-color-5)","background-image":"","background-repeat":"repeat","background-position":"center center","background-size":"auto","background-attachment":"scroll","background-type":"","background-media":"","overlay-type":"","overlay-color":"","overlay-gradient":""},"tablet":{"background-color":"var(--ast-global-color-5)","background-image":"","background-repeat":"repeat","background-position":"center center","background-size":"auto","background-attachment":"scroll","background-type":"","background-media":"","overlay-type":"","overlay-color":"","overlay-gradient":""},"mobile":{"background-color":"var(--ast-global-color-5)","background-image":"","background-repeat":"repeat","background-position":"center center","background-size":"auto","background-attachment":"scroll","background-type":"","background-media":"","overlay-type":"","overlay-color":"","overlay-gradient":""}},"two_page_speed":[],"footnotes":""},"class_list":["post-984","page","type-page","status-publish","hentry"],"yoast_head":"<!-- This site is optimized with the Yoast SEO plugin v27.5 - https:\/\/yoast.com\/product\/yoast-seo-wordpress\/ -->\n<title>Predaja PDV obrazaca - E-libro<\/title>\n<meta name=\"robots\" content=\"index, follow, max-snippet:-1, max-image-preview:large, max-video-preview:-1\" \/>\n<link rel=\"canonical\" href=\"https:\/\/www.knjigovodstvo-makarska.com\/en\/predaja-pdv-obrazaca\/\" \/>\n<meta property=\"og:locale\" content=\"en_GB\" \/>\n<meta property=\"og:type\" content=\"article\" \/>\n<meta property=\"og:title\" content=\"Predaja PDV obrazaca - E-libro\" \/>\n<meta property=\"og:description\" content=\"Predaja PDV obrazaca Nerezidenti Nerezidenti mogu biti porezni obveznici u Republici Hrvatskoj po osnovi oporezivih primitaka \u0161to ih ostvaruju obavljaju\u0107i djelatnosti, ili po osnovi imovine i imovinskih prava za koju su obvezni pla\u0107ati poreze.\u00a0 \u00a0 \u2022 obra\u010dun PDV-a za inozemne porezne obveznike (autoprijevoznici, gra\u0111evinari)\u2022 pru\u017eanje pomo\u0107i oko registracije nerezidenata kao obveznika PDV-a PDV Booking Nudimo [&hellip;]\" \/>\n<meta property=\"og:url\" content=\"https:\/\/www.knjigovodstvo-makarska.com\/en\/predaja-pdv-obrazaca\/\" \/>\n<meta property=\"og:site_name\" content=\"E-libro\" \/>\n<meta property=\"article:publisher\" content=\"https:\/\/www.facebook.com\/knjigovodstvo.makarska\" \/>\n<meta property=\"article:modified_time\" content=\"2023-01-08T21:31:33+00:00\" \/>\n<meta property=\"og:image\" content=\"https:\/\/www.knjigovodstvo-makarska.com\/wp-content\/uploads\/2023\/01\/crop-woman-using-calculator-and-taking-notes-on-paper.jpg\" \/>\n<meta name=\"twitter:label1\" content=\"Estimated reading time\" \/>\n\t<meta name=\"twitter:data1\" content=\"2 minutes\" \/>\n<script type=\"application\/ld+json\" class=\"yoast-schema-graph\">{\"@context\":\"https:\\\/\\\/schema.org\",\"@graph\":[{\"@type\":\"WebPage\",\"@id\":\"https:\\\/\\\/www.knjigovodstvo-makarska.com\\\/predaja-pdv-obrazaca\\\/\",\"url\":\"https:\\\/\\\/www.knjigovodstvo-makarska.com\\\/predaja-pdv-obrazaca\\\/\",\"name\":\"Predaja PDV obrazaca - E-libro\",\"isPartOf\":{\"@id\":\"http:\\\/\\\/www.knjigovodstvo-makarska.com\\\/en\\\/#website\"},\"primaryImageOfPage\":{\"@id\":\"https:\\\/\\\/www.knjigovodstvo-makarska.com\\\/predaja-pdv-obrazaca\\\/#primaryimage\"},\"image\":{\"@id\":\"https:\\\/\\\/www.knjigovodstvo-makarska.com\\\/predaja-pdv-obrazaca\\\/#primaryimage\"},\"thumbnailUrl\":\"https:\\\/\\\/www.knjigovodstvo-makarska.com\\\/wp-content\\\/uploads\\\/2023\\\/01\\\/crop-woman-using-calculator-and-taking-notes-on-paper.jpg\",\"datePublished\":\"2023-01-08T20:58:20+00:00\",\"dateModified\":\"2023-01-08T21:31:33+00:00\",\"breadcrumb\":{\"@id\":\"https:\\\/\\\/www.knjigovodstvo-makarska.com\\\/predaja-pdv-obrazaca\\\/#breadcrumb\"},\"inLanguage\":\"en-GB\",\"potentialAction\":[{\"@type\":\"ReadAction\",\"target\":[\"https:\\\/\\\/www.knjigovodstvo-makarska.com\\\/predaja-pdv-obrazaca\\\/\"]}]},{\"@type\":\"ImageObject\",\"inLanguage\":\"en-GB\",\"@id\":\"https:\\\/\\\/www.knjigovodstvo-makarska.com\\\/predaja-pdv-obrazaca\\\/#primaryimage\",\"url\":\"https:\\\/\\\/www.knjigovodstvo-makarska.com\\\/wp-content\\\/uploads\\\/2023\\\/01\\\/crop-woman-using-calculator-and-taking-notes-on-paper.jpg\",\"contentUrl\":\"https:\\\/\\\/www.knjigovodstvo-makarska.com\\\/wp-content\\\/uploads\\\/2023\\\/01\\\/crop-woman-using-calculator-and-taking-notes-on-paper.jpg\"},{\"@type\":\"BreadcrumbList\",\"@id\":\"https:\\\/\\\/www.knjigovodstvo-makarska.com\\\/predaja-pdv-obrazaca\\\/#breadcrumb\",\"itemListElement\":[{\"@type\":\"ListItem\",\"position\":1,\"name\":\"Po\u010detna stranica\",\"item\":\"https:\\\/\\\/www.knjigovodstvo-makarska.com\\\/\"},{\"@type\":\"ListItem\",\"position\":2,\"name\":\"Predaja PDV obrazaca\"}]},{\"@type\":\"WebSite\",\"@id\":\"http:\\\/\\\/www.knjigovodstvo-makarska.com\\\/en\\\/#website\",\"url\":\"http:\\\/\\\/www.knjigovodstvo-makarska.com\\\/en\\\/\",\"name\":\"E-Libro knjigovodstveni servis Makarska\",\"description\":\"Knjigovodstveni servis\",\"publisher\":{\"@id\":\"http:\\\/\\\/www.knjigovodstvo-makarska.com\\\/en\\\/#organization\"},\"potentialAction\":[{\"@type\":\"SearchAction\",\"target\":{\"@type\":\"EntryPoint\",\"urlTemplate\":\"http:\\\/\\\/www.knjigovodstvo-makarska.com\\\/en\\\/?s={search_term_string}\"},\"query-input\":{\"@type\":\"PropertyValueSpecification\",\"valueRequired\":true,\"valueName\":\"search_term_string\"}}],\"inLanguage\":\"en-GB\"},{\"@type\":\"Organization\",\"@id\":\"http:\\\/\\\/www.knjigovodstvo-makarska.com\\\/en\\\/#organization\",\"name\":\"E-Libro\",\"url\":\"http:\\\/\\\/www.knjigovodstvo-makarska.com\\\/en\\\/\",\"logo\":{\"@type\":\"ImageObject\",\"inLanguage\":\"en-GB\",\"@id\":\"http:\\\/\\\/www.knjigovodstvo-makarska.com\\\/en\\\/#\\\/schema\\\/logo\\\/image\\\/\",\"url\":\"https:\\\/\\\/www.knjigovodstvo-makarska.com\\\/wp-content\\\/uploads\\\/2021\\\/03\\\/E-libro-knjigovodstvo.png\",\"contentUrl\":\"https:\\\/\\\/www.knjigovodstvo-makarska.com\\\/wp-content\\\/uploads\\\/2021\\\/03\\\/E-libro-knjigovodstvo.png\",\"width\":300,\"height\":94,\"caption\":\"E-Libro\"},\"image\":{\"@id\":\"http:\\\/\\\/www.knjigovodstvo-makarska.com\\\/en\\\/#\\\/schema\\\/logo\\\/image\\\/\"},\"sameAs\":[\"https:\\\/\\\/www.facebook.com\\\/knjigovodstvo.makarska\"]}]}<\/script>\n<!-- \/ Yoast SEO plugin. -->","yoast_head_json":{"title":"Predaja PDV obrazaca - E-libro","robots":{"index":"index","follow":"follow","max-snippet":"max-snippet:-1","max-image-preview":"max-image-preview:large","max-video-preview":"max-video-preview:-1"},"canonical":"https:\/\/www.knjigovodstvo-makarska.com\/en\/predaja-pdv-obrazaca\/","og_locale":"en_GB","og_type":"article","og_title":"Predaja PDV obrazaca - E-libro","og_description":"Predaja PDV obrazaca Nerezidenti Nerezidenti mogu biti porezni obveznici u Republici Hrvatskoj po osnovi oporezivih primitaka \u0161to ih ostvaruju obavljaju\u0107i djelatnosti, ili po osnovi imovine i imovinskih prava za koju su obvezni pla\u0107ati poreze.\u00a0 \u00a0 \u2022 obra\u010dun PDV-a za inozemne porezne obveznike (autoprijevoznici, gra\u0111evinari)\u2022 pru\u017eanje pomo\u0107i oko registracije nerezidenata kao obveznika PDV-a PDV Booking Nudimo [&hellip;]","og_url":"https:\/\/www.knjigovodstvo-makarska.com\/en\/predaja-pdv-obrazaca\/","og_site_name":"E-libro","article_publisher":"https:\/\/www.facebook.com\/knjigovodstvo.makarska","article_modified_time":"2023-01-08T21:31:33+00:00","og_image":[{"url":"https:\/\/www.knjigovodstvo-makarska.com\/wp-content\/uploads\/2023\/01\/crop-woman-using-calculator-and-taking-notes-on-paper.jpg","type":"","width":"","height":""}],"twitter_misc":{"Estimated reading time":"2 minutes"},"schema":{"@context":"https:\/\/schema.org","@graph":[{"@type":"WebPage","@id":"https:\/\/www.knjigovodstvo-makarska.com\/predaja-pdv-obrazaca\/","url":"https:\/\/www.knjigovodstvo-makarska.com\/predaja-pdv-obrazaca\/","name":"Predaja PDV obrazaca - E-libro","isPartOf":{"@id":"http:\/\/www.knjigovodstvo-makarska.com\/en\/#website"},"primaryImageOfPage":{"@id":"https:\/\/www.knjigovodstvo-makarska.com\/predaja-pdv-obrazaca\/#primaryimage"},"image":{"@id":"https:\/\/www.knjigovodstvo-makarska.com\/predaja-pdv-obrazaca\/#primaryimage"},"thumbnailUrl":"https:\/\/www.knjigovodstvo-makarska.com\/wp-content\/uploads\/2023\/01\/crop-woman-using-calculator-and-taking-notes-on-paper.jpg","datePublished":"2023-01-08T20:58:20+00:00","dateModified":"2023-01-08T21:31:33+00:00","breadcrumb":{"@id":"https:\/\/www.knjigovodstvo-makarska.com\/predaja-pdv-obrazaca\/#breadcrumb"},"inLanguage":"en-GB","potentialAction":[{"@type":"ReadAction","target":["https:\/\/www.knjigovodstvo-makarska.com\/predaja-pdv-obrazaca\/"]}]},{"@type":"ImageObject","inLanguage":"en-GB","@id":"https:\/\/www.knjigovodstvo-makarska.com\/predaja-pdv-obrazaca\/#primaryimage","url":"https:\/\/www.knjigovodstvo-makarska.com\/wp-content\/uploads\/2023\/01\/crop-woman-using-calculator-and-taking-notes-on-paper.jpg","contentUrl":"https:\/\/www.knjigovodstvo-makarska.com\/wp-content\/uploads\/2023\/01\/crop-woman-using-calculator-and-taking-notes-on-paper.jpg"},{"@type":"BreadcrumbList","@id":"https:\/\/www.knjigovodstvo-makarska.com\/predaja-pdv-obrazaca\/#breadcrumb","itemListElement":[{"@type":"ListItem","position":1,"name":"Po\u010detna stranica","item":"https:\/\/www.knjigovodstvo-makarska.com\/"},{"@type":"ListItem","position":2,"name":"Predaja PDV obrazaca"}]},{"@type":"WebSite","@id":"http:\/\/www.knjigovodstvo-makarska.com\/en\/#website","url":"http:\/\/www.knjigovodstvo-makarska.com\/en\/","name":"E-Libro knjigovodstveni servis Makarska","description":"Bookkeeping and accounting service","publisher":{"@id":"http:\/\/www.knjigovodstvo-makarska.com\/en\/#organization"},"potentialAction":[{"@type":"SearchAction","target":{"@type":"EntryPoint","urlTemplate":"http:\/\/www.knjigovodstvo-makarska.com\/en\/?s={search_term_string}"},"query-input":{"@type":"PropertyValueSpecification","valueRequired":true,"valueName":"search_term_string"}}],"inLanguage":"en-GB"},{"@type":"Organization","@id":"http:\/\/www.knjigovodstvo-makarska.com\/en\/#organization","name":"E-Libro","url":"http:\/\/www.knjigovodstvo-makarska.com\/en\/","logo":{"@type":"ImageObject","inLanguage":"en-GB","@id":"http:\/\/www.knjigovodstvo-makarska.com\/en\/#\/schema\/logo\/image\/","url":"https:\/\/www.knjigovodstvo-makarska.com\/wp-content\/uploads\/2021\/03\/E-libro-knjigovodstvo.png","contentUrl":"https:\/\/www.knjigovodstvo-makarska.com\/wp-content\/uploads\/2021\/03\/E-libro-knjigovodstvo.png","width":300,"height":94,"caption":"E-Libro"},"image":{"@id":"http:\/\/www.knjigovodstvo-makarska.com\/en\/#\/schema\/logo\/image\/"},"sameAs":["https:\/\/www.facebook.com\/knjigovodstvo.makarska"]}]}},"rttpg_featured_image_url":null,"rttpg_author":{"display_name":"dt125x","author_link":"http:\/\/www.knjigovodstvo-makarska.com\/en\/author\/dt125x\/"},"rttpg_comment":0,"rttpg_category":null,"rttpg_excerpt":"Predaja PDV obrazaca Nerezidenti Nerezidenti mogu biti porezni obveznici u Republici Hrvatskoj po osnovi oporezivih primitaka \u0161to ih ostvaruju obavljaju\u0107i djelatnosti, ili po osnovi imovine i imovinskih prava za koju su obvezni pla\u0107ati poreze.\u00a0 \u00a0 \u2022 obra\u010dun PDV-a za inozemne porezne obveznike (autoprijevoznici, gra\u0111evinari)\u2022 pru\u017eanje pomo\u0107i oko registracije nerezidenata kao obveznika PDV-a PDV Booking Nudimo&hellip;","_links":{"self":[{"href":"http:\/\/www.knjigovodstvo-makarska.com\/en\/wp-json\/wp\/v2\/pages\/984","targetHints":{"allow":["GET"]}}],"collection":[{"href":"http:\/\/www.knjigovodstvo-makarska.com\/en\/wp-json\/wp\/v2\/pages"}],"about":[{"href":"http:\/\/www.knjigovodstvo-makarska.com\/en\/wp-json\/wp\/v2\/types\/page"}],"author":[{"embeddable":true,"href":"http:\/\/www.knjigovodstvo-makarska.com\/en\/wp-json\/wp\/v2\/users\/1"}],"replies":[{"embeddable":true,"href":"http:\/\/www.knjigovodstvo-makarska.com\/en\/wp-json\/wp\/v2\/comments?post=984"}],"version-history":[{"count":4,"href":"http:\/\/www.knjigovodstvo-makarska.com\/en\/wp-json\/wp\/v2\/pages\/984\/revisions"}],"predecessor-version":[{"id":996,"href":"http:\/\/www.knjigovodstvo-makarska.com\/en\/wp-json\/wp\/v2\/pages\/984\/revisions\/996"}],"wp:attachment":[{"href":"http:\/\/www.knjigovodstvo-makarska.com\/en\/wp-json\/wp\/v2\/media?parent=984"}],"curies":[{"name":"wp","href":"https:\/\/api.w.org\/{rel}","templated":true}]}}